{"id":2604,"date":"2017-03-16T11:11:48","date_gmt":"2017-03-16T09:11:48","guid":{"rendered":"http:\/\/parlakfikirleratolyesi.com\/Bdemo\/kolman\/?page_id=2604"},"modified":"2017-04-13T15:36:42","modified_gmt":"2017-04-13T12:36:42","slug":"hakkimizda","status":"publish","type":"page","link":"https:\/\/kolmanboya.com\/tr\/hakkimizda\/","title":{"rendered":"Hakk\u0131m\u0131zda"},"content":{"rendered":"<p>[vc_row][vc_column width=&#8221;1\/2&#8243;][vc_single_image image=&#8221;2612&#8243; img_size=&#8221;full&#8221; style=&#8221;vc_box_outline&#8221;][\/vc_column][vc_column width=&#8221;1\/2&#8243;][vc_column_text]<span style=\"font-family: Raleway; font-size: 12px; font-color: black; font-weight: 600;\">1956 y\u0131l\u0131nda kurulan \u015firketimiz uzun y\u0131llar ayakkab\u0131 boyalar\u0131, yer cilalar\u0131 ve ayakkab\u0131 yan sanayi i\u00e7in \u00e7e\u015fitli kimyasallar \u00fcretmi\u015ftir.<\/span><\/p>\n<p><span style=\"font-family: Raleway; font-size: 12px; font-color: black; font-weight: 600;\">1970` li y\u0131llardan itibaren \u00fclkemizin ilk ayakkab\u0131 boyalar\u0131ndan biri olan Fenerli\u2019yi kendi tesislerinde fason olarak \u00fcretmeye ba\u015flam\u0131\u015ft\u0131r. Daha sonralar\u0131 ad\u0131 ge\u00e7en markan\u0131n isim hakk\u0131n\u0131 alan Kolman, \u00fcretime kendi ad\u0131na devam etmi\u015ftir.<br \/>\n<\/span><br \/>\n<span style=\"font-family: Raleway; font-size: 12px; font-color: black; font-weight: 600;\">\u0130lerleyen senelerde de \u00e7e\u015fitli boyalar\u0131 \u00fcretmeye devam eden firmam\u0131z 2002 y\u0131l\u0131ndan itibaren yurt i\u00e7i ve yurt d\u0131\u015f\u0131nda ki ayakkab\u0131 boyas\u0131 \u00fcreten fabrikalara hammadde, ambalaj, ekipman ve teknik destek sa\u011flamaya y\u00f6nelmi\u015ftir.<\/span><\/p>\n<p><span style=\"font-family: Raleway; font-size: 12px; font-color: black; font-weight: 600;\">Kolman geni\u015f \u00fcr\u00fcn yelpazesi ve de \u00fcretimden gelen bilgi birikimiyle T\u00fcrkiye\u2019de ki ve yurt d\u0131\u015f\u0131ndaki ayakkab\u0131 boya \u00fcreticilerinin her t\u00fcrl\u00fc ihtiyac\u0131n\u0131 kar\u015f\u0131lamaktad\u0131r.<\/span><\/p>\n<p><span style=\"font-family: Raleway; font-size: 12px; font-color: black; font-weight: 600;\">Bu sekt\u00f6r d\u0131\u015f\u0131nda uzmanl\u0131k alan\u0131 wax, emulsiyon ve hotmelt ler olan firmam\u0131z bu gibi ara mallar\u0131n kullan\u0131ld\u0131\u011f\u0131 di\u011fer sekt\u00f6rlere de y\u00f6nelerek faaliyet alan\u0131n\u0131 geni\u015fletmi\u015ftir. Esnek ambalaj \u00fcretiminde kullan\u0131lan g\u0131da sekt\u00f6r\u00fcne y\u00f6nelik her t\u00fcrl\u00fc wax ve hotmeltler bu sekt\u00f6rlerden bir tanesidir. Yine wax, em\u00fclsiyon ve hotmeltlerin kullan\u0131ld\u0131\u011f\u0131 deri, PVC, mum, sak\u0131z mayas\u0131, di\u015f\u00e7ilik ve di\u011fer alanlarda da hizmet etmeye devam etmektedir.<\/span>[\/vc_column_text][\/vc_column][\/vc_row]<\/p>","protected":false},"excerpt":{"rendered":"<p>[vc_row][vc_column width=&#8221;1\/2&#8243;][vc_single_image image=&#8221;2612&#8243; img_size=&#8221;full&#8221; style=&#8221;vc_box_outline&#8221;][\/vc_column][vc_column width=&#8221;1\/2&#8243;][vc_column_text]1956 y\u0131l\u0131nda kurulan \u015firketimiz uzun y\u0131llar ayakkab\u0131 boyalar\u0131, yer cilalar\u0131 ve ayakkab\u0131 yan sanayi i\u00e7in \u00e7e\u015fitli kimyasallar \u00fcretmi\u015ftir. 1970` li y\u0131llardan itibaren \u00fclkemizin ilk ayakkab\u0131 boyalar\u0131ndan biri olan Fenerli\u2019yi kendi tesislerinde fason olarak \u00fcretmeye ba\u015flam\u0131\u015ft\u0131r. Daha sonralar\u0131 ad\u0131 ge\u00e7en markan\u0131n isim hakk\u0131n\u0131 alan Kolman, \u00fcretime kendi ad\u0131na devam etmi\u015ftir. \u0130lerleyen [&hellip;]<\/p>\n","protected":false},"author":15,"featured_media":0,"parent":0,"menu_order":0,"comment_status":"closed","ping_status":"closed","template":"","meta":{"footnotes":""},"class_list":["post-2604","page","type-page","status-publish","hentry"],"_links":{"self":[{"href":"https:\/\/kolmanboya.com\/tr\/wp-json\/wp\/v2\/pages\/2604"}],"collection":[{"href":"https:\/\/kolmanboya.com\/tr\/wp-json\/wp\/v2\/pages"}],"about":[{"href":"https:\/\/kolmanboya.com\/tr\/wp-json\/wp\/v2\/types\/page"}],"author":[{"embeddable":true,"href":"https:\/\/kolmanboya.com\/tr\/wp-json\/wp\/v2\/users\/15"}],"replies":[{"embeddable":true,"href":"https:\/\/kolmanboya.com\/tr\/wp-json\/wp\/v2\/comments?post=2604"}],"version-history":[{"count":13,"href":"https:\/\/kolmanboya.com\/tr\/wp-json\/wp\/v2\/pages\/2604\/revisions"}],"predecessor-version":[{"id":2957,"href":"https:\/\/kolmanboya.com\/tr\/wp-json\/wp\/v2\/pages\/2604\/revisions\/2957"}],"wp:attachment":[{"href":"https:\/\/kolmanboya.com\/tr\/wp-json\/wp\/v2\/media?parent=2604"}],"curies":[{"name":"wp","href":"https:\/\/api.w.org\/{rel}","templated":true}]}}