{"id":2672,"date":"2017-03-16T13:17:17","date_gmt":"2017-03-16T11:17:17","guid":{"rendered":"http:\/\/parlakfikirleratolyesi.com\/Bdemo\/kolman\/?page_id=2672"},"modified":"2018-01-12T14:00:59","modified_gmt":"2018-01-12T11:00:59","slug":"deri-kimyasallari","status":"publish","type":"page","link":"https:\/\/kolmanboya.com\/tr\/deri-kimyasallari\/","title":{"rendered":"Deri Kimyasallar\u0131"},"content":{"rendered":"<p>[vc_row][vc_column width=&#8221;1\/3&#8243;][vc_single_image image=&#8221;2675&#8243; img_size=&#8221;full&#8221;][\/vc_column][vc_column width=&#8221;1\/3&#8243;][vc_column_text]<\/p>\n<table style=\"width: 300px;\">\n<tbody>\n<tr>\n<td style=\"width: 400px;\"><span style=\"font-size: 11pt;\">\u2022 Estetik g\u00f6r\u00fcn\u00fcm<br \/>\n<\/span><br \/>\n<span style=\"font-size: 11pt;\">\u2022 Montan Wax<br \/>\n<\/span><br \/>\n<span style=\"font-size: 11pt;\">\u2022 Karnauba Wax<br \/>\n<\/span><br \/>\n<span style=\"font-size: 11pt;\">\u2022 Karnauba Wax<br \/>\n<\/span><br \/>\n<span style=\"font-size: 11pt;\">\u2022 Carnapol 7<br \/>\n<\/span><br \/>\n<span style=\"font-size: 11pt;\">\u2022 Carnapol 10<br \/>\n<\/span><br \/>\n<span style=\"font-size: 11pt;\">\u2022 Wax Emulgat\u00f6r\u00fc<br \/>\n<\/span><br \/>\n<span style=\"font-size: 11pt;\">\u2022 Karnauba Wax Em\u00fclsiyonu<br \/>\n<\/span><br \/>\n<span style=\"font-size: 11pt;\">\u2022 Polietilen Wax Em\u00fclsiyonu<br \/>\n<\/span><br \/>\n<span style=\"font-size: 11pt;\">\u2022 Su itici ajanlar (Solvent bazl\u0131)<br \/>\n<\/span><br \/>\n<span style=\"font-size: 11pt;\">\u2022 Su itici ajanlar (Su bazl\u0131)<br \/>\n<\/span><\/td>\n<\/tr>\n<\/tbody>\n<\/table>\n<p>[\/vc_column_text][\/vc_column][vc_column width=&#8221;1\/3&#8243;][vc_single_image image=&#8221;2922&#8243; img_size=&#8221;full&#8221;][\/vc_column][\/vc_row][vc_row][vc_column][\/vc_column][\/vc_row]<\/p>","protected":false},"excerpt":{"rendered":"<p>[vc_row][vc_column width=&#8221;1\/3&#8243;][vc_single_image image=&#8221;2675&#8243; img_size=&#8221;full&#8221;][\/vc_column][vc_column width=&#8221;1\/3&#8243;][vc_column_text] \u2022 Estetik g\u00f6r\u00fcn\u00fcm \u2022 Montan Wax \u2022 Karnauba Wax \u2022 Karnauba Wax \u2022 Carnapol 7 \u2022 Carnapol 10 \u2022 Wax Emulgat\u00f6r\u00fc \u2022 Karnauba Wax Em\u00fclsiyonu \u2022 Polietilen Wax Em\u00fclsiyonu \u2022 Su itici ajanlar (Solvent bazl\u0131) \u2022 Su itici ajanlar (Su bazl\u0131) [\/vc_column_text][\/vc_column][vc_column width=&#8221;1\/3&#8243;][vc_single_image image=&#8221;2922&#8243; img_size=&#8221;full&#8221;][\/vc_column][\/vc_row][vc_row][vc_column][\/vc_column][\/vc_row]<\/p>\n","protected":false},"author":15,"featured_media":0,"parent":0,"menu_order":0,"comment_status":"closed","ping_status":"closed","template":"","meta":{"footnotes":""},"class_list":["post-2672","page","type-page","status-publish","hentry"],"_links":{"self":[{"href":"https:\/\/kolmanboya.com\/tr\/wp-json\/wp\/v2\/pages\/2672"}],"collection":[{"href":"https:\/\/kolmanboya.com\/tr\/wp-json\/wp\/v2\/pages"}],"about":[{"href":"https:\/\/kolmanboya.com\/tr\/wp-json\/wp\/v2\/types\/page"}],"author":[{"embeddable":true,"href":"https:\/\/kolmanboya.com\/tr\/wp-json\/wp\/v2\/users\/15"}],"replies":[{"embeddable":true,"href":"https:\/\/kolmanboya.com\/tr\/wp-json\/wp\/v2\/comments?post=2672"}],"version-history":[{"count":44,"href":"https:\/\/kolmanboya.com\/tr\/wp-json\/wp\/v2\/pages\/2672\/revisions"}],"predecessor-version":[{"id":2934,"href":"https:\/\/kolmanboya.com\/tr\/wp-json\/wp\/v2\/pages\/2672\/revisions\/2934"}],"wp:attachment":[{"href":"https:\/\/kolmanboya.com\/tr\/wp-json\/wp\/v2\/media?parent=2672"}],"curies":[{"name":"wp","href":"https:\/\/api.w.org\/{rel}","templated":true}]}}