{"id":3048,"date":"2020-03-02T18:48:19","date_gmt":"2020-03-02T15:48:19","guid":{"rendered":"https:\/\/kolmanboya.com\/?page_id=3048"},"modified":"2020-03-02T19:46:50","modified_gmt":"2020-03-02T16:46:50","slug":"urunler-2","status":"publish","type":"page","link":"https:\/\/kolmanboya.com\/tr\/urunler-2\/","title":{"rendered":"\u00dcr\u00fcnler"},"content":{"rendered":"<p>[vc_row][vc_column width=&#8221;1\/3&#8243;][\/vc_column][vc_column width=&#8221;1\/3&#8243;][vc_column_text]<\/p>\n<table style=\"width: 427px; height: 391px;\">\n<tbody>\n<tr>\n<td style=\"width: 400px;\">\n<ul>\n<li><a href=\"https:\/\/kolmanboya.com\/ayakkabi-boyalari\/\">Ayakkab\u0131 boyas\u0131 Hammaddeleri ve Ambalajlar\u0131<\/a><\/li>\n<li><a href=\"https:\/\/kolmanboya.com\/esnek-ambalaj\/\">Esnek Ambalajlar<\/a><\/li>\n<li><a href=\"https:\/\/kolmanboya.com\/deri-kimyasallari\/\">Deri Kimyasallar\u0131<\/a><\/li>\n<li><a href=\"https:\/\/kolmanboya.com\/deri-kimyasallari\/\">PVC<\/a><\/li>\n<li><a href=\"https:\/\/kolmanboya.com\/sicak-tutkal\/\">S\u0131cak Tutkal<\/a><\/li>\n<li><a href=\"https:\/\/kolmanboya.com\/dugme-cilalari-yer-cilalari-kalip-ayiricilar\/\">D\u00fc\u011fme cilalar\u0131, Yer cilalar\u0131, Kal\u0131p ay\u0131r\u0131c\u0131lar<\/a><\/li>\n<li><a href=\"https:\/\/kolmanboya.com\/emulsiyonlar\/\">Em\u00fclsiyonlar<\/a><\/li>\n<li><a href=\"https:\/\/kolmanboya.com\/mumlar\/\">Mumlar<\/a><\/li>\n<li><a href=\"https:\/\/kolmanboya.com\/diger\/\">Di\u011fer<\/a><\/li>\n<\/ul>\n<\/td>\n<\/tr>\n<\/tbody>\n<\/table>\n<p>[\/vc_column_text][\/vc_column][vc_column width=&#8221;1\/3&#8243;][\/vc_column][\/vc_row]<\/p>","protected":false},"excerpt":{"rendered":"<p>[vc_row][vc_column width=&#8221;1\/3&#8243;][\/vc_column][vc_column width=&#8221;1\/3&#8243;][vc_column_text] Ayakkab\u0131 boyas\u0131 Hammaddeleri ve Ambalajlar\u0131 Esnek Ambalajlar Deri Kimyasallar\u0131 PVC S\u0131cak Tutkal D\u00fc\u011fme cilalar\u0131, Yer cilalar\u0131, Kal\u0131p ay\u0131r\u0131c\u0131lar Em\u00fclsiyonlar Mumlar Di\u011fer [\/vc_column_text][\/vc_column][vc_column width=&#8221;1\/3&#8243;][\/vc_column][\/vc_row]<\/p>\n","protected":false},"author":15,"featured_media":0,"parent":0,"menu_order":0,"comment_status":"closed","ping_status":"closed","template":"","meta":{"footnotes":""},"class_list":["post-3048","page","type-page","status-publish","hentry"],"_links":{"self":[{"href":"https:\/\/kolmanboya.com\/tr\/wp-json\/wp\/v2\/pages\/3048"}],"collection":[{"href":"https:\/\/kolmanboya.com\/tr\/wp-json\/wp\/v2\/pages"}],"about":[{"href":"https:\/\/kolmanboya.com\/tr\/wp-json\/wp\/v2\/types\/page"}],"author":[{"embeddable":true,"href":"https:\/\/kolmanboya.com\/tr\/wp-json\/wp\/v2\/users\/15"}],"replies":[{"embeddable":true,"href":"https:\/\/kolmanboya.com\/tr\/wp-json\/wp\/v2\/comments?post=3048"}],"version-history":[{"count":20,"href":"https:\/\/kolmanboya.com\/tr\/wp-json\/wp\/v2\/pages\/3048\/revisions"}],"predecessor-version":[{"id":3073,"href":"https:\/\/kolmanboya.com\/tr\/wp-json\/wp\/v2\/pages\/3048\/revisions\/3073"}],"wp:attachment":[{"href":"https:\/\/kolmanboya.com\/tr\/wp-json\/wp\/v2\/media?parent=3048"}],"curies":[{"name":"wp","href":"https:\/\/api.w.org\/{rel}","templated":true}]}}